{"id":258,"date":"2024-07-23T15:53:53","date_gmt":"2024-07-23T15:53:53","guid":{"rendered":"https:\/\/xn--vom-goldigen-lwen-d0b.ch\/?page_id=258"},"modified":"2024-07-26T08:46:43","modified_gmt":"2024-07-26T08:46:43","slug":"ueber-mich","status":"publish","type":"page","link":"https:\/\/xn--vom-goldigen-lwen-d0b.ch\/?page_id=258","title":{"rendered":"\u00dcber mich"},"content":{"rendered":"<div id=\"pl-258\"  class=\"panel-layout\" ><div id=\"pg-258-0\"  class=\"panel-grid panel-no-style\" ><div id=\"pgc-258-0-0\"  class=\"panel-grid-cell\" ><div id=\"panel-258-0-0-0\" class=\"so-panel widget widget_sow-editor panel-first-child panel-last-child\" data-index=\"0\" ><div\n\t\t\t\n\t\t\tclass=\"so-widget-sow-editor so-widget-sow-editor-base\"\n\t\t\t\n\t\t><h3 class=\"widget-title\">\u00dcber mich<\/h3>\n<div class=\"siteorigin-widget-tinymce textwidget\">\n\t<p>Als passionierte Leonberger Z\u00fcchterin engagiere ich mich neben meiner Zucht auch aktiv im Vereinsleben als Pr\u00e4sidentin der Zuchtkommission des <a href=\"https:\/\/leonberger.ch\/\">SLC - Schweizer Leonberger Clubs<\/a>.<\/p>\n<h3>Hundeschule<\/h3>\n<p>Um den Leos - und nat\u00fcrlich auch anderen Rassen - auch nach der Abgabe an die neuen Besitzer mit Rat und Tat zur Seite zu stehen, f\u00fchre ich seit \u00fcber 16 Jahren eine eigene Hundeschule in einer Halle in Sirnach.<br \/>\nWir trainieren nicht hart sondern smart und sehen uns als Plausch-\/Familiengruppe die einfach eine gute Zeit mit ihren Hunden verbringen will.<\/p>\n<h3><strong>SKN Kurs<\/strong> (Sachkundenachweis)<\/h3>\n<p>Auch wenn der SKN Kurs unterdessen nicht mehr in allen Kantonen obligatorisch ist, lege ich Ersthundehaltern trotzdem ans Herz, einen solchen bei mir zu absolvieren.<br \/>\nHund und Mensch k\u00f6nnen nur davon profitieren!<\/p>\n<p>F\u00fcr Termine k\u00f6nnen Sie mich gerne unter +41 78 906 63 53 Mobile | WhatsApp kontaktieren.<\/p>\n<p>Ich freue mich auf Ihren Anruf!<\/p>\n<\/div>\n<\/div><\/div><\/div><\/div><\/div>","protected":false},"excerpt":{"rendered":"<p>Als passionierte Leonberger Z\u00fcchterin engagiere ich mich neben meiner Zucht auch aktiv im Vereinsleben als Pr\u00e4sidentin der Zuchtkommission des SLC &#8211; Schweizer Leonberger Clubs. Hundeschule Um den Leos &#8211; und nat\u00fcrlich auch anderen Rassen &#8211; auch nach der Abgabe an die neuen Besitzer mit Rat und Tat zur Seite zu stehen, f\u00fchre ich seit \u00fcber [&hellip;]<\/p>\n","protected":false},"author":2,"featured_media":0,"parent":0,"menu_order":0,"comment_status":"closed","ping_status":"closed","template":"home-panels.php","meta":{"ngg_post_thumbnail":0,"footnotes":""},"class_list":["post-258","page","type-page","status-publish","hentry","post"],"_links":{"self":[{"href":"https:\/\/xn--vom-goldigen-lwen-d0b.ch\/index.php?rest_route=\/wp\/v2\/pages\/258","targetHints":{"allow":["GET"]}}],"collection":[{"href":"https:\/\/xn--vom-goldigen-lwen-d0b.ch\/index.php?rest_route=\/wp\/v2\/pages"}],"about":[{"href":"https:\/\/xn--vom-goldigen-lwen-d0b.ch\/index.php?rest_route=\/wp\/v2\/types\/page"}],"author":[{"embeddable":true,"href":"https:\/\/xn--vom-goldigen-lwen-d0b.ch\/index.php?rest_route=\/wp\/v2\/users\/2"}],"replies":[{"embeddable":true,"href":"https:\/\/xn--vom-goldigen-lwen-d0b.ch\/index.php?rest_route=%2Fwp%2Fv2%2Fcomments&post=258"}],"version-history":[{"count":16,"href":"https:\/\/xn--vom-goldigen-lwen-d0b.ch\/index.php?rest_route=\/wp\/v2\/pages\/258\/revisions"}],"predecessor-version":[{"id":323,"href":"https:\/\/xn--vom-goldigen-lwen-d0b.ch\/index.php?rest_route=\/wp\/v2\/pages\/258\/revisions\/323"}],"wp:attachment":[{"href":"https:\/\/xn--vom-goldigen-lwen-d0b.ch\/index.php?rest_route=%2Fwp%2Fv2%2Fmedia&parent=258"}],"curies":[{"name":"wp","href":"https:\/\/api.w.org\/{rel}","templated":true}]}}